{"id":222,"date":"2024-05-09T09:16:42","date_gmt":"2024-05-09T07:16:42","guid":{"rendered":"https:\/\/ceiplasportadas.es\/?page_id=222"},"modified":"2024-05-09T09:18:42","modified_gmt":"2024-05-09T07:18:42","slug":"aviso-legal","status":"publish","type":"page","link":"https:\/\/ceiplasportadas.es\/?page_id=222","title":{"rendered":"Aviso legal"},"content":{"rendered":"<div class=\"fusion-fullwidth fullwidth-box fusion-builder-row-1 fusion-flex-container nonhundred-percent-fullwidth non-hundred-percent-height-scrolling\" style=\"background-color: rgba(255,255,255,0);background-position: center center;background-repeat: no-repeat;border-width: 0px 0px 0px 0px;border-color:#e2e2e2;border-style:solid;\" ><div class=\"fusion-builder-row fusion-row fusion-flex-align-items-flex-start\" style=\"max-width:1248px;margin-left: calc(-4% \/ 2 );margin-right: calc(-4% \/ 2 );\"><div class=\"fusion-layout-column fusion_builder_column fusion-builder-column-0 fusion_builder_column_1_1 1_1 fusion-flex-column\"><div class=\"fusion-column-wrapper fusion-flex-justify-content-flex-start fusion-content-layout-column\" style=\"background-position:left top;background-repeat:no-repeat;-webkit-background-size:cover;-moz-background-size:cover;-o-background-size:cover;background-size:cover;padding: 0px 0px 0px 0px;\"><style type=\"text\/css\">@media only screen and (max-width:1024px) {.fusion-title.fusion-title-1{margin-top:0px!important;margin-bottom:0px!important;}}@media only screen and (max-width:640px) {.fusion-title.fusion-title-1{margin-top:10px!important;margin-bottom:10px!important;}}<\/style><div class=\"fusion-title title fusion-title-1 fusion-sep-none fusion-title-center fusion-title-text fusion-title-size-one\" style=\"margin-top:0px;margin-bottom:0px;\"><h1 class=\"title-heading-center\" style=\"font-family:&#039;Arial Black&#039;, Gadget, sans-serif;font-weight:400;margin:0;\"><h1><strong>Aviso legal<\/strong><\/h1><\/h1><\/div><div class=\"fusion-separator\" style=\"align-self: center;margin-left: auto;margin-right: auto;margin-bottom:25px;width:100%;max-width:25%;\"><div class=\"fusion-separator-border sep-single sep-solid\" style=\"border-color:#005d8c;border-top-width:2px;\"><\/div><\/div><div class=\"fusion-text fusion-text-1\" style=\"transform:translate3d(0,0,0);\"><p class=\"contenido1\">El contenido de esta p\u00e1gina web (incluyendo, sin car\u00e1cter limitativo, el texto, im\u00e1genes, y dem\u00e1s contenidos audiovisuales) es, salvo si se indicase lo contrario de manera expresa, propiedad intelectual de CEIP Las Portadas.<\/p>\n<p class=\"contenido1\">Todos los derechos de propiedad industrial e intelectual sobre esta p\u00e1gina web est\u00e1n legalmente reservados y el acceso a la misma o su utilizaci\u00f3n, por parte de sus usuarios, no debe considerarse, en forma alguna, como el otorgamiento de ninguna licencia de uso o derecho sobre cualquier activo cuya titularidad o propiedad corresponda al CEIP Las Portadas.<\/p>\n<p class=\"contenido1\">Los contenidos de esta p\u00e1gina web son, necesaria e inevitablemente, de car\u00e1cter general y no constituyen, en modo alguno, la prestaci\u00f3n de un servicio de tipo alguno. En ning\u00fan supuesto, los contenidos de esta p\u00e1gina podr\u00e1n entenderse como sustitutivos del necesario permiso del CEIP Las Portadas para cada caso concreto, basado en el conocimiento y el an\u00e1lisis de las circunstancias del mismo y de la situaci\u00f3n particular de cada usuario.<\/p>\n<p class=\"contenido1\">En cuanto a las informaciones y contenidos incluidos en la presente p\u00e1gina web o a los que pudiera tenerse acceso como consecuencia de los \u201clinks\u201d establecidos en la misma, el CEIP Las Portadas no garantiza, en modo alguno, ni el acceso en un momento determinado a tales informaciones y contenidos, ni su exactitud, ni su actualidad o actualizaci\u00f3n, ni su idoneidad o utilidad para una finalidad espec\u00edfica.<\/p>\n<p class=\"contenido1\">En consecuencia, el CEIP Las Portadas no asume ninguna responsabilidad derivada, o que pudiera derivarse, de la utilizaci\u00f3n que los usuarios realicen de las informaciones y contenidos de esta p\u00e1gina web, ni de la aplicaci\u00f3n de los mismos para fundamentar o apoyar cualquier trabajo, escrito o documento de cualquier tipo sobre el CEIP Las Portadas.<\/p>\n<p class=\"contenido1\">Queda terminantemente prohibido realizar, sin el previo consentimiento del CEIP Las Portadas, cualquier manipulaci\u00f3n o alteraci\u00f3n de esta p\u00e1gina, no asumiendo el CEIP Las Portadas ninguna responsabilidad derivada, o que pudiera derivarse, de dicha manipulaci\u00f3n o alteraci\u00f3n por terceros.<\/p>\n<p class=\"contenido1\">El CEIP Las Portadas no asume ning\u00fan deber o compromiso de verificar ni de vigilar los contenidos e informaciones de esta p\u00e1gina web, ni los de aquellas otras p\u00e1ginas a las que pudiera accederse mediante sus \u201clinks\u201d.<\/p>\n<p class=\"contenido1\">El usuario de esta p\u00e1gina web, mediante su acceso a la misma, se obliga a utilizarla de manera plenamente conforme con las leyes y los usos del tr\u00e1fico y responder\u00e1, frente al CEIP Las Portadas o frente a terceros, de cualesquiera da\u00f1os y perjuicios que pudieran causarse como consecuencia del incumplimiento de dicha obligaci\u00f3n.<\/p>\n<\/div><\/div><\/div><style type=\"text\/css\">.fusion-body .fusion-builder-column-0{width:100% !important;margin-top : 0px;margin-bottom : 20px;}.fusion-builder-column-0 > .fusion-column-wrapper {padding-top : 0px !important;padding-right : 0px !important;margin-right : 1.92%;padding-bottom : 0px !important;padding-left : 0px !important;margin-left : 1.92%;}@media only screen and (max-width:1024px) {.fusion-body .fusion-builder-column-0{width:100% !important;order : 0;}.fusion-builder-column-0 > .fusion-column-wrapper {margin-right : 1.92%;margin-left : 1.92%;}}@media only screen and (max-width:640px) {.fusion-body .fusion-builder-column-0{width:100% !important;order : 0;}.fusion-builder-column-0 > .fusion-column-wrapper {margin-right : 1.92%;margin-left : 1.92%;}}<\/style><\/div><style type=\"text\/css\">.fusion-body .fusion-flex-container.fusion-builder-row-1{ padding-top : 0px;margin-top : 0px;padding-right : 0px;padding-bottom : 0px;margin-bottom : 0px;padding-left : 0px;}<\/style><\/div>\n","protected":false},"excerpt":{"rendered":"","protected":false},"author":1,"featured_media":0,"parent":0,"menu_order":0,"comment_status":"closed","ping_status":"closed","template":"","meta":{"footnotes":""},"class_list":["post-222","page","type-page","status-publish","hentry"],"_links":{"self":[{"href":"https:\/\/ceiplasportadas.es\/index.php?rest_route=\/wp\/v2\/pages\/222","targetHints":{"allow":["GET"]}}],"collection":[{"href":"https:\/\/ceiplasportadas.es\/index.php?rest_route=\/wp\/v2\/pages"}],"about":[{"href":"https:\/\/ceiplasportadas.es\/index.php?rest_route=\/wp\/v2\/types\/page"}],"author":[{"embeddable":true,"href":"https:\/\/ceiplasportadas.es\/index.php?rest_route=\/wp\/v2\/users\/1"}],"replies":[{"embeddable":true,"href":"https:\/\/ceiplasportadas.es\/index.php?rest_route=%2Fwp%2Fv2%2Fcomments&post=222"}],"version-history":[{"count":4,"href":"https:\/\/ceiplasportadas.es\/index.php?rest_route=\/wp\/v2\/pages\/222\/revisions"}],"predecessor-version":[{"id":226,"href":"https:\/\/ceiplasportadas.es\/index.php?rest_route=\/wp\/v2\/pages\/222\/revisions\/226"}],"wp:attachment":[{"href":"https:\/\/ceiplasportadas.es\/index.php?rest_route=%2Fwp%2Fv2%2Fmedia&parent=222"}],"curies":[{"name":"wp","href":"https:\/\/api.w.org\/{rel}","templated":true}]}}